{"id":2,"date":"2019-04-17T12:03:32","date_gmt":"2019-04-17T12:03:32","guid":{"rendered":"http:\/\/cauchy.am10.uni-tuebingen.de\/blog\/?page_id=2"},"modified":"2025-10-05T09:51:56","modified_gmt":"2025-10-05T08:51:56","slug":"termine-alt","status":"publish","type":"page","link":"https:\/\/mathefachschaft.de\/?page_id=2","title":{"rendered":"Termine"},"content":{"rendered":"\t\t<div data-elementor-type=\"wp-page\" data-elementor-id=\"2\" class=\"elementor elementor-2\">\n\t\t\t\t<div class=\"elementor-element elementor-element-6e63199f e-flex e-con-boxed e-con e-parent\" data-id=\"6e63199f\" data-element_type=\"container\" data-e-type=\"container\">\n\t\t\t\t\t<div class=\"e-con-inner\">\n\t\t<div class=\"elementor-element elementor-element-a90f624 e-con-full e-flex e-con e-child\" data-id=\"a90f624\" data-element_type=\"container\" data-e-type=\"container\" data-settings=\"{&quot;background_background&quot;:&quot;classic&quot;}\">\n\t\t\t\t<div class=\"elementor-element elementor-element-34612dd elementor-widget elementor-widget-heading\" data-id=\"34612dd\" data-element_type=\"widget\" data-e-type=\"widget\" data-widget_type=\"heading.default\">\n\t\t\t\t<div class=\"elementor-widget-container\">\n\t\t\t\t\t<h2 class=\"elementor-heading-title elementor-size-default\">Aktuelle Termine<\/h2>\t\t\t\t<\/div>\n\t\t\t\t<\/div>\n\t\t\t\t<div class=\"elementor-element elementor-element-d8b972c elementor-widget elementor-widget-shortcode\" data-id=\"d8b972c\" data-element_type=\"widget\" data-e-type=\"widget\" data-widget_type=\"shortcode.default\">\n\t\t\t\t<div class=\"elementor-widget-container\">\n\t\t\t\t\t\t\t<div class=\"elementor-shortcode\"><div class=\"r34ics-ajax-container loading\" id=\"r69def8cf3f8f758\" data-view=\"list\" data-view-is-list-style=\"1\" data-view-is-list-long=\"1\" data-args=\"2482321e94c7d23a77d2d5cfcfbca5cb961dda94\" data-js-args=\"{&quot;debug&quot;:null}\">&nbsp;<\/div><\/div>\n\t\t\t\t\t\t<\/div>\n\t\t\t\t<\/div>\n\t\t\t\t<\/div>\n\t\t<div class=\"elementor-element elementor-element-e165974 e-con-full e-flex e-con e-child\" data-id=\"e165974\" data-element_type=\"container\" data-e-type=\"container\">\n\t\t<div class=\"elementor-element elementor-element-472c459 e-con-full e-flex e-con e-child\" data-id=\"472c459\" data-element_type=\"container\" data-e-type=\"container\">\n\t\t\t\t<div class=\"elementor-element elementor-element-3dc0f6d elementor-widget elementor-widget-heading\" data-id=\"3dc0f6d\" data-element_type=\"widget\" data-e-type=\"widget\" data-widget_type=\"heading.default\">\n\t\t\t\t<div class=\"elementor-widget-container\">\n\t\t\t\t\t<h2 class=\"elementor-heading-title elementor-size-default\">Fachschaftssitzung<\/h2>\t\t\t\t<\/div>\n\t\t\t\t<\/div>\n\t\t\t\t<div class=\"elementor-element elementor-element-f8abe77 elementor-widget elementor-widget-text-editor\" data-id=\"f8abe77\" data-element_type=\"widget\" data-e-type=\"widget\" data-widget_type=\"text-editor.default\">\n\t\t\t\t<div class=\"elementor-widget-container\">\n\t\t\t\t\t\t\t\t\t<p>Ihr habt Lust, mitzumachen, oder wollt schauen, was wir so machen?<br \/>Dann schreibt uns einfach kurz eine <a href=\"mailto:fachschaft@math.uni-tuebingen.de\">Mail<\/a> oder sprecht uns an!<\/p>\t\t\t\t\t\t\t\t<\/div>\n\t\t\t\t<\/div>\n\t\t\t\t<\/div>\n\t\t<div class=\"elementor-element elementor-element-37b1d85 e-con-full e-flex e-con e-child\" data-id=\"37b1d85\" data-element_type=\"container\" data-e-type=\"container\">\n\t\t<div class=\"elementor-element elementor-element-00a5ac0 e-con-full e-flex e-con e-child\" data-id=\"00a5ac0\" data-element_type=\"container\" data-e-type=\"container\">\n\t\t\t\t<div class=\"elementor-element elementor-element-7a69d45 elementor-widget elementor-widget-heading\" data-id=\"7a69d45\" data-element_type=\"widget\" data-e-type=\"widget\" data-widget_type=\"heading.default\">\n\t\t\t\t<div class=\"elementor-widget-container\">\n\t\t\t\t\t<h2 class=\"elementor-heading-title elementor-size-default\">Diese Veranstaltungen organisieren wir<\/h2>\t\t\t\t<\/div>\n\t\t\t\t<\/div>\n\t\t\t\t<div class=\"elementor-element elementor-element-5a09c65 elementor-widget elementor-widget-text-editor\" data-id=\"5a09c65\" data-element_type=\"widget\" data-e-type=\"widget\" data-widget_type=\"text-editor.default\">\n\t\t\t\t<div class=\"elementor-widget-container\">\n\t\t\t\t\t\t\t\t\t<ul>\n<li><strong>Erstiveranstaltungen<\/strong><br \/>Beratung, Campusf\u00fchrung, Spieleabend, Kneipentour, H\u00fctte, Fr\u00fchst\u00fcck mit den Profs, Stadtrallye, &#8230;<\/li>\n<li><strong>Spieleabende<\/strong><\/li>\n<!-- \/wp:list-item --><!-- wp:list-item -->\n<li><strong>Weihnachtsfeier <\/strong><\/li>\n<!-- \/wp:list-item --><!-- wp:list-item -->\n<li><strong>Sommerfest<\/strong><\/li>\n<!-- \/wp:list-item --><!-- wp:list-item -->\n<li><strong>Clubhausfest\u00a0<\/strong><\/li>\n<!-- \/wp:list-item --><!-- wp:list-item -->\n<li><strong>Vortragsreihe &#8222;Mathematiker:innen im Beruf&#8220;<\/strong><\/li>\n<\/ul>\t\t\t\t\t\t\t\t<\/div>\n\t\t\t\t<\/div>\n\t\t\t\t<\/div>\n\t\t<div class=\"elementor-element elementor-element-8b885f9 e-con-full e-flex e-con e-child\" data-id=\"8b885f9\" data-element_type=\"container\" data-e-type=\"container\">\n\t\t\t\t<div class=\"elementor-element elementor-element-ec4caf3 elementor-widget elementor-widget-heading\" data-id=\"ec4caf3\" data-element_type=\"widget\" data-e-type=\"widget\" data-widget_type=\"heading.default\">\n\t\t\t\t<div class=\"elementor-widget-container\">\n\t\t\t\t\t<h2 class=\"elementor-heading-title elementor-size-default\">Anmeldung zur Erstih\u00fctte<\/h2>\t\t\t\t<\/div>\n\t\t\t\t<\/div>\n\t\t\t\t<div class=\"elementor-element elementor-element-d2c58c4 elementor-widget elementor-widget-text-editor\" data-id=\"d2c58c4\" data-element_type=\"widget\" data-e-type=\"widget\" data-widget_type=\"text-editor.default\">\n\t\t\t\t<div class=\"elementor-widget-container\">\n\t\t\t\t\t\t\t\t\t<p>Im Fachschaftszimmer oder per Mail an events.fachschaft@math.uni-tuebingen.de mit Name, Geburtsdatum, Mailadresse, Handynummer, Matrikelnummer und vegetarisch\/vegan\/Allergien.\u00a0<\/p>\n<p>Der Eigenbeitrag f\u00fcr die Erstih\u00fctte liegt meist bei 15\u20ac.\u00a0<\/p>\t\t\t\t\t\t\t\t<\/div>\n\t\t\t\t<\/div>\n\t\t\t\t<\/div>\n\t\t\t\t<\/div>\n\t\t\t\t<\/div>\n\t\t\t\t\t<\/div>\n\t\t\t\t<\/div>\n\t\t\t\t<\/div>\n\t\t","protected":false},"excerpt":{"rendered":"<p>Aktuelle Termine Fachschaftssitzung Ihr habt Lust, mitzumachen, oder wollt schauen, was wir so machen?Dann schreibt uns einfach kurz eine Mail oder sprecht uns an! Diese Veranstaltungen organisieren wir ErstiveranstaltungenBeratung, Campusf\u00fchrung, Spieleabend, Kneipentour, H\u00fctte, Fr\u00fchst\u00fcck mit den Profs, Stadtrallye, &#8230; Spieleabende Weihnachtsfeier Sommerfest Clubhausfest\u00a0 Vortragsreihe &#8222;Mathematiker:innen im Beruf&#8220; Anmeldung zur Erstih\u00fctte Im Fachschaftszimmer oder per Mail [&hellip;]<\/p>\n","protected":false},"author":1,"featured_media":0,"parent":0,"menu_order":0,"comment_status":"closed","ping_status":"closed","template":"","meta":{"footnotes":""},"class_list":["post-2","page","type-page","status-publish","hentry"],"_links":{"self":[{"href":"https:\/\/mathefachschaft.de\/index.php?rest_route=\/wp\/v2\/pages\/2","targetHints":{"allow":["GET"]}}],"collection":[{"href":"https:\/\/mathefachschaft.de\/index.php?rest_route=\/wp\/v2\/pages"}],"about":[{"href":"https:\/\/mathefachschaft.de\/index.php?rest_route=\/wp\/v2\/types\/page"}],"author":[{"embeddable":true,"href":"https:\/\/mathefachschaft.de\/index.php?rest_route=\/wp\/v2\/users\/1"}],"replies":[{"embeddable":true,"href":"https:\/\/mathefachschaft.de\/index.php?rest_route=%2Fwp%2Fv2%2Fcomments&post=2"}],"version-history":[{"count":139,"href":"https:\/\/mathefachschaft.de\/index.php?rest_route=\/wp\/v2\/pages\/2\/revisions"}],"predecessor-version":[{"id":6187,"href":"https:\/\/mathefachschaft.de\/index.php?rest_route=\/wp\/v2\/pages\/2\/revisions\/6187"}],"wp:attachment":[{"href":"https:\/\/mathefachschaft.de\/index.php?rest_route=%2Fwp%2Fv2%2Fmedia&parent=2"}],"curies":[{"name":"wp","href":"https:\/\/api.w.org\/{rel}","templated":true}]}}